{"id":32,"date":"2025-02-20T16:00:36","date_gmt":"2025-02-20T15:00:36","guid":{"rendered":"https:\/\/sarah-vigouroux-architecte.fr\/?page_id=32"},"modified":"2025-03-06T12:06:44","modified_gmt":"2025-03-06T11:06:44","slug":"formation-continue","status":"publish","type":"page","link":"https:\/\/sarah-vigouroux-architecte.fr\/index.php\/formation-continue\/","title":{"rendered":"Formation continue"},"content":{"rendered":"\t\t<div data-elementor-type=\"wp-page\" data-elementor-id=\"32\" class=\"elementor elementor-32\">\n\t\t\t\t<div class=\"elementor-element elementor-element-8cda9a3 e-flex e-con-boxed e-con e-parent\" data-id=\"8cda9a3\" data-element_type=\"container\" data-e-type=\"container\">\n\t\t\t\t\t<div class=\"e-con-inner\">\n\t\t\t\t<div class=\"elementor-element elementor-element-7cb0586 elementor-widget elementor-widget-heading\" data-id=\"7cb0586\" data-element_type=\"widget\" data-e-type=\"widget\" data-widget_type=\"heading.default\">\n\t\t\t\t<div class=\"elementor-widget-container\">\n\t\t\t\t\t<h2 class=\"elementor-heading-title elementor-size-default\">Formation continue<\/h2>\t\t\t\t<\/div>\n\t\t\t\t<\/div>\n\t\t\t\t\t<\/div>\n\t\t\t\t<\/div>\n\t\t<div class=\"elementor-element elementor-element-d52709a e-grid e-con-boxed e-con e-parent\" data-id=\"d52709a\" data-element_type=\"container\" data-e-type=\"container\">\n\t\t\t\t\t<div class=\"e-con-inner\">\n\t\t\t\t<div class=\"elementor-element elementor-element-bf988af elementor-widget elementor-widget-heading\" data-id=\"bf988af\" data-element_type=\"widget\" data-e-type=\"widget\" data-widget_type=\"heading.default\">\n\t\t\t\t<div class=\"elementor-widget-container\">\n\t\t\t\t\t<h2 class=\"elementor-heading-title elementor-size-default\">2023<\/h2>\t\t\t\t<\/div>\n\t\t\t\t<\/div>\n\t\t\t\t<div class=\"elementor-element elementor-element-4a8486a elementor-widget elementor-widget-text-editor\" data-id=\"4a8486a\" data-element_type=\"widget\" data-e-type=\"widget\" data-widget_type=\"text-editor.default\">\n\t\t\t\t<div class=\"elementor-widget-container\">\n\t\t\t\t\t\t\t\t\t<div class=\"page\" title=\"Page 50\"><div class=\"layoutArea\"><div class=\"column\"><ul><li>Formation Couleur et Architecture inte\u0301rieure<ul><li>ILO\u0302T FORMATION.<\/li><li>Distanciel synchrone<\/li><li>14h de formation structure\u0301e<\/li><\/ul><\/li><\/ul><div class=\"page\" title=\"Page 50\"><div class=\"layoutArea\"><div class=\"column\"><ul><li>MOOC R\u00c9NO COPRO &#8211; R\u00e9novation des copropri\u00e9t\u00e9s<ul><li>B\u00e2timent durable<\/li><li>ASDER &#8211; ALEC &#8211; IDF<\/li><\/ul><\/li><\/ul><ul><li>MOOC R\u00e9novation performante, risques et bons r\u00e9flexes<ul><li>B\u00e2timent durable\u00a0<\/li><li>ASDER &#8211; AQC<\/li><\/ul><\/li><\/ul><ul><li>MOOC Concevoir une r\u00e9novation \u00e9nerg\u00e9tique du b\u00e2ti ancien<ul><li>B\u00e2timent durable<\/li><li>CEREMA<\/li><\/ul><\/li><\/ul><\/div><\/div><\/div><\/div><\/div><\/div>\t\t\t\t\t\t\t\t<\/div>\n\t\t\t\t<\/div>\n\t\t\t\t\t<\/div>\n\t\t\t\t<\/div>\n\t\t<div class=\"elementor-element elementor-element-866547a e-grid e-con-boxed e-con e-parent\" data-id=\"866547a\" data-element_type=\"container\" data-e-type=\"container\">\n\t\t\t\t\t<div class=\"e-con-inner\">\n\t\t\t\t<div class=\"elementor-element elementor-element-3196357 elementor-widget elementor-widget-heading\" data-id=\"3196357\" data-element_type=\"widget\" data-e-type=\"widget\" data-widget_type=\"heading.default\">\n\t\t\t\t<div class=\"elementor-widget-container\">\n\t\t\t\t\t<h2 class=\"elementor-heading-title elementor-size-default\">2022<\/h2>\t\t\t\t<\/div>\n\t\t\t\t<\/div>\n\t\t\t\t<div class=\"elementor-element elementor-element-1dc29de elementor-widget elementor-widget-text-editor\" data-id=\"1dc29de\" data-element_type=\"widget\" data-e-type=\"widget\" data-widget_type=\"text-editor.default\">\n\t\t\t\t<div class=\"elementor-widget-container\">\n\t\t\t\t\t\t\t\t\t<div class=\"page\" title=\"Page 50\"><div class=\"layoutArea\"><div class=\"column\"><ul><li>Formation FEEBAT DynaMOE 2<ul><li>B\u00e2timents d&rsquo;habitat collectif et tertiaire<\/li><li>MAJ FORMATION CONTINUE\u00a0<\/li><li>Mixte Pr\u00e9sentiel \/ Distanciel synchrone<\/li><li>14h de formation structure\u0301e<\/li><\/ul><\/li><\/ul><div class=\"page\" title=\"Page 50\"><div class=\"layoutArea\"><div class=\"column\"><ul><li>MOOC R\u00e9novation performante &#8211; B\u00e2timent durable<ul><li>ASDER &#8211; AQC<\/li><\/ul><\/li><\/ul><\/div><\/div><\/div><\/div><\/div><\/div>\t\t\t\t\t\t\t\t<\/div>\n\t\t\t\t<\/div>\n\t\t\t\t\t<\/div>\n\t\t\t\t<\/div>\n\t\t<div class=\"elementor-element elementor-element-de0b389 e-grid e-con-boxed e-con e-parent\" data-id=\"de0b389\" data-element_type=\"container\" data-e-type=\"container\">\n\t\t\t\t\t<div class=\"e-con-inner\">\n\t\t\t\t<div class=\"elementor-element elementor-element-1628548 elementor-widget elementor-widget-heading\" data-id=\"1628548\" data-element_type=\"widget\" data-e-type=\"widget\" data-widget_type=\"heading.default\">\n\t\t\t\t<div class=\"elementor-widget-container\">\n\t\t\t\t\t<h2 class=\"elementor-heading-title elementor-size-default\">2021<\/h2>\t\t\t\t<\/div>\n\t\t\t\t<\/div>\n\t\t\t\t<div class=\"elementor-element elementor-element-e5f9e7d elementor-widget elementor-widget-text-editor\" data-id=\"e5f9e7d\" data-element_type=\"widget\" data-e-type=\"widget\" data-widget_type=\"text-editor.default\">\n\t\t\t\t<div class=\"elementor-widget-container\">\n\t\t\t\t\t\t\t\t\t<div class=\"page\" title=\"Page 50\"><div class=\"layoutArea\"><div class=\"column\"><ul><li>Formation FEEBAT DynaMOE 1<ul><li>Maisons individuelles et B\u00e2timents d&rsquo;habitat micro collectif en monopropri\u00e9t\u00e9.<\/li><li>MAJ FORMATION CONTINUE.<\/li><li>Mixte Pr\u00e9sentiel \/ Distanciel synchrone<\/li><li>35h de formation structure\u0301e<\/li><\/ul><\/li><\/ul><\/div><\/div><\/div>\t\t\t\t\t\t\t\t<\/div>\n\t\t\t\t<\/div>\n\t\t\t\t\t<\/div>\n\t\t\t\t<\/div>\n\t\t<div class=\"elementor-element elementor-element-f763eec e-flex e-con-boxed e-con e-parent\" data-id=\"f763eec\" data-element_type=\"container\" data-e-type=\"container\">\n\t\t\t\t\t<div class=\"e-con-inner\">\n\t\t\t\t<div class=\"elementor-element elementor-element-e6157a1 elementor-widget elementor-widget-heading\" data-id=\"e6157a1\" data-element_type=\"widget\" data-e-type=\"widget\" data-widget_type=\"heading.default\">\n\t\t\t\t<div class=\"elementor-widget-container\">\n\t\t\t\t\t<h2 class=\"elementor-heading-title elementor-size-default\">Comp\u00e9tences techniques<\/h2>\t\t\t\t<\/div>\n\t\t\t\t<\/div>\n\t\t\t\t\t<\/div>\n\t\t\t\t<\/div>\n\t\t<div class=\"elementor-element elementor-element-c32b35d e-grid e-con-boxed e-con e-parent\" data-id=\"c32b35d\" data-element_type=\"container\" data-e-type=\"container\">\n\t\t\t\t\t<div class=\"e-con-inner\">\n\t\t\t\t<div class=\"elementor-element elementor-element-984f08f elementor-widget elementor-widget-heading\" data-id=\"984f08f\" data-element_type=\"widget\" data-e-type=\"widget\" data-widget_type=\"heading.default\">\n\t\t\t\t<div class=\"elementor-widget-container\">\n\t\t\t\t\t<h2 class=\"elementor-heading-title elementor-size-default\">Logiciels ma\u00eetris\u00e9s<\/h2>\t\t\t\t<\/div>\n\t\t\t\t<\/div>\n\t\t\t\t<div class=\"elementor-element elementor-element-90896f6 elementor-widget elementor-widget-text-editor\" data-id=\"90896f6\" data-element_type=\"widget\" data-e-type=\"widget\" data-widget_type=\"text-editor.default\">\n\t\t\t\t<div class=\"elementor-widget-container\">\n\t\t\t\t\t\t\t\t\t<div class=\"page\" title=\"Page 51\"><div class=\"layoutArea\"><div class=\"column\"><ul><li>ArchiCAD (depuis la version 10 jusqu\u2019a\u0300 la 26)<ul><li>Formation ArchiCAD Teamwork chez CAD Equipement.<br \/>Artlantis Studio<\/li><\/ul><\/li><li>AutoCAD<ul><li>Formation de deux semaines chez DOLFI Formations<\/li><\/ul><\/li><li>\u00a0Suite Adobe : Photoshop, InDesign, Illustrator, Muse, Premiere, Acrobat<\/li><li>Suite Microsoft Office (word, Excel, Powerpoint)<\/li><li>Suite apple (Numbers, pages, keynote)\u00a0<\/li><li>Univers Mac OSX et Windows<\/li><li>Notions sur : REVIT, Rhinoce\u0301ros et 3DStudio max<\/li><\/ul><\/div><\/div><\/div>\t\t\t\t\t\t\t\t<\/div>\n\t\t\t\t<\/div>\n\t\t\t\t\t<\/div>\n\t\t\t\t<\/div>\n\t\t<div class=\"elementor-element elementor-element-f13d2ef e-grid e-con-boxed e-con e-parent\" data-id=\"f13d2ef\" data-element_type=\"container\" data-e-type=\"container\">\n\t\t\t\t\t<div class=\"e-con-inner\">\n\t\t\t\t<div class=\"elementor-element elementor-element-59bbb80 elementor-widget elementor-widget-heading\" data-id=\"59bbb80\" data-element_type=\"widget\" data-e-type=\"widget\" data-widget_type=\"heading.default\">\n\t\t\t\t<div class=\"elementor-widget-container\">\n\t\t\t\t\t<h2 class=\"elementor-heading-title elementor-size-default\">Langues parl\u00e9es<\/h2>\t\t\t\t<\/div>\n\t\t\t\t<\/div>\n\t\t\t\t<div class=\"elementor-element elementor-element-385984e elementor-widget elementor-widget-text-editor\" data-id=\"385984e\" data-element_type=\"widget\" data-e-type=\"widget\" data-widget_type=\"text-editor.default\">\n\t\t\t\t<div class=\"elementor-widget-container\">\n\t\t\t\t\t\t\t\t\t<div class=\"page\" title=\"Page 51\"><div class=\"layoutArea\"><div class=\"column\"><div class=\"page\" title=\"Page 51\"><div class=\"layoutArea\"><div class=\"column\"><ul><li>Franc\u0327ais \u00a0: Langue maternelle<\/li><li>Anglais \u00a0 \u00a0: Bilingue<\/li><li>Japonais : Niveau interme\u0301diaire<\/li><li>Allemand et Espagnol : Notions<\/li><\/ul><\/div><\/div><div class=\"layoutArea\">\u00a0<\/div><div class=\"layoutArea\">\u00a0<\/div><\/div><p>\u00a0<\/p><\/div><\/div><\/div>\t\t\t\t\t\t\t\t<\/div>\n\t\t\t\t<\/div>\n\t\t\t\t\t<\/div>\n\t\t\t\t<\/div>\n\t\t\t\t<\/div>\n\t\t","protected":false},"excerpt":{"rendered":"<p>Formation continue 2023 Formation Couleur et Architecture inte\u0301rieure ILO\u0302T FORMATION. Distanciel synchrone 14h de formation structure\u0301e MOOC R\u00c9NO COPRO &#8211; R\u00e9novation des copropri\u00e9t\u00e9s B\u00e2timent durable ASDER &#8211; ALEC &#8211; IDF MOOC R\u00e9novation performante, risques et bons r\u00e9flexes B\u00e2timent durable\u00a0 ASDER &#8211; AQC MOOC Concevoir une r\u00e9novation \u00e9nerg\u00e9tique du b\u00e2ti ancien B\u00e2timent durable CEREMA 2022 Formation [&hellip;]<\/p>\n","protected":false},"author":1,"featured_media":0,"parent":0,"menu_order":0,"comment_status":"closed","ping_status":"closed","template":"","meta":{"footnotes":""},"class_list":["post-32","page","type-page","status-publish","hentry","entry"],"yoast_head":"<!-- This site is optimized with the Yoast SEO plugin v27.5 - https:\/\/yoast.com\/product\/yoast-seo-wordpress\/ -->\n<title>Formation continue - SARAH VIGOUROUX ARCHITECTE<\/title>\n<meta name=\"robots\" content=\"index, follow, max-snippet:-1, max-image-preview:large, max-video-preview:-1\" \/>\n<link rel=\"canonical\" href=\"https:\/\/sarah-vigouroux-architecte.fr\/index.php\/formation-continue\/\" \/>\n<meta property=\"og:locale\" content=\"fr_FR\" \/>\n<meta property=\"og:type\" content=\"article\" \/>\n<meta property=\"og:title\" content=\"Formation continue - SARAH VIGOUROUX ARCHITECTE\" \/>\n<meta property=\"og:description\" content=\"Formation continue 2023 Formation Couleur et Architecture inte\u0301rieure ILO\u0302T FORMATION. Distanciel synchrone 14h de formation structure\u0301e MOOC R\u00c9NO COPRO &#8211; R\u00e9novation des copropri\u00e9t\u00e9s B\u00e2timent durable ASDER &#8211; ALEC &#8211; IDF MOOC R\u00e9novation performante, risques et bons r\u00e9flexes B\u00e2timent durable\u00a0 ASDER &#8211; AQC MOOC Concevoir une r\u00e9novation \u00e9nerg\u00e9tique du b\u00e2ti ancien B\u00e2timent durable CEREMA 2022 Formation [&hellip;]\" \/>\n<meta property=\"og:url\" content=\"https:\/\/sarah-vigouroux-architecte.fr\/index.php\/formation-continue\/\" \/>\n<meta property=\"og:site_name\" content=\"SARAH VIGOUROUX ARCHITECTE\" \/>\n<meta property=\"article:modified_time\" content=\"2025-03-06T11:06:44+00:00\" \/>\n<meta name=\"twitter:card\" content=\"summary_large_image\" \/>\n<meta name=\"twitter:label1\" content=\"Dur\u00e9e de lecture estim\u00e9e\" \/>\n\t<meta name=\"twitter:data1\" content=\"1 minute\" \/>\n<script type=\"application\/ld+json\" class=\"yoast-schema-graph\">{\"@context\":\"https:\\\/\\\/schema.org\",\"@graph\":[{\"@type\":\"WebPage\",\"@id\":\"https:\\\/\\\/sarah-vigouroux-architecte.fr\\\/index.php\\\/formation-continue\\\/\",\"url\":\"https:\\\/\\\/sarah-vigouroux-architecte.fr\\\/index.php\\\/formation-continue\\\/\",\"name\":\"Formation continue - SARAH VIGOUROUX ARCHITECTE\",\"isPartOf\":{\"@id\":\"https:\\\/\\\/sarah-vigouroux-architecte.fr\\\/#website\"},\"datePublished\":\"2025-02-20T15:00:36+00:00\",\"dateModified\":\"2025-03-06T11:06:44+00:00\",\"breadcrumb\":{\"@id\":\"https:\\\/\\\/sarah-vigouroux-architecte.fr\\\/index.php\\\/formation-continue\\\/#breadcrumb\"},\"inLanguage\":\"fr-FR\",\"potentialAction\":[{\"@type\":\"ReadAction\",\"target\":[\"https:\\\/\\\/sarah-vigouroux-architecte.fr\\\/index.php\\\/formation-continue\\\/\"]}]},{\"@type\":\"BreadcrumbList\",\"@id\":\"https:\\\/\\\/sarah-vigouroux-architecte.fr\\\/index.php\\\/formation-continue\\\/#breadcrumb\",\"itemListElement\":[{\"@type\":\"ListItem\",\"position\":1,\"name\":\"Accueil\",\"item\":\"https:\\\/\\\/sarah-vigouroux-architecte.fr\\\/\"},{\"@type\":\"ListItem\",\"position\":2,\"name\":\"Formation continue\"}]},{\"@type\":\"WebSite\",\"@id\":\"https:\\\/\\\/sarah-vigouroux-architecte.fr\\\/#website\",\"url\":\"https:\\\/\\\/sarah-vigouroux-architecte.fr\\\/\",\"name\":\"Sarah-vigouroux-architecte.fr\",\"description\":\"\",\"publisher\":{\"@id\":\"https:\\\/\\\/sarah-vigouroux-architecte.fr\\\/#organization\"},\"potentialAction\":[{\"@type\":\"SearchAction\",\"target\":{\"@type\":\"EntryPoint\",\"urlTemplate\":\"https:\\\/\\\/sarah-vigouroux-architecte.fr\\\/?s={search_term_string}\"},\"query-input\":{\"@type\":\"PropertyValueSpecification\",\"valueRequired\":true,\"valueName\":\"search_term_string\"}}],\"inLanguage\":\"fr-FR\"},{\"@type\":\"Organization\",\"@id\":\"https:\\\/\\\/sarah-vigouroux-architecte.fr\\\/#organization\",\"name\":\"Sarah Vigouroux Architecte\",\"url\":\"https:\\\/\\\/sarah-vigouroux-architecte.fr\\\/\",\"logo\":{\"@type\":\"ImageObject\",\"inLanguage\":\"fr-FR\",\"@id\":\"https:\\\/\\\/sarah-vigouroux-architecte.fr\\\/#\\\/schema\\\/logo\\\/image\\\/\",\"url\":\"https:\\\/\\\/sarah-vigouroux-architecte.fr\\\/wp-content\\\/uploads\\\/2025\\\/03\\\/cropped-LOGO-SARAH-tiny.png\",\"contentUrl\":\"https:\\\/\\\/sarah-vigouroux-architecte.fr\\\/wp-content\\\/uploads\\\/2025\\\/03\\\/cropped-LOGO-SARAH-tiny.png\",\"width\":1130,\"height\":422,\"caption\":\"Sarah Vigouroux Architecte\"},\"image\":{\"@id\":\"https:\\\/\\\/sarah-vigouroux-architecte.fr\\\/#\\\/schema\\\/logo\\\/image\\\/\"},\"sameAs\":[\"https:\\\/\\\/www.linkedin.com\\\/in\\\/sarah-vigouroux-aa933889\"]}]}<\/script>\n<!-- \/ Yoast SEO plugin. -->","yoast_head_json":{"title":"Formation continue - SARAH VIGOUROUX ARCHITECTE","robots":{"index":"index","follow":"follow","max-snippet":"max-snippet:-1","max-image-preview":"max-image-preview:large","max-video-preview":"max-video-preview:-1"},"canonical":"https:\/\/sarah-vigouroux-architecte.fr\/index.php\/formation-continue\/","og_locale":"fr_FR","og_type":"article","og_title":"Formation continue - SARAH VIGOUROUX ARCHITECTE","og_description":"Formation continue 2023 Formation Couleur et Architecture inte\u0301rieure ILO\u0302T FORMATION. Distanciel synchrone 14h de formation structure\u0301e MOOC R\u00c9NO COPRO &#8211; R\u00e9novation des copropri\u00e9t\u00e9s B\u00e2timent durable ASDER &#8211; ALEC &#8211; IDF MOOC R\u00e9novation performante, risques et bons r\u00e9flexes B\u00e2timent durable\u00a0 ASDER &#8211; AQC MOOC Concevoir une r\u00e9novation \u00e9nerg\u00e9tique du b\u00e2ti ancien B\u00e2timent durable CEREMA 2022 Formation [&hellip;]","og_url":"https:\/\/sarah-vigouroux-architecte.fr\/index.php\/formation-continue\/","og_site_name":"SARAH VIGOUROUX ARCHITECTE","article_modified_time":"2025-03-06T11:06:44+00:00","twitter_card":"summary_large_image","twitter_misc":{"Dur\u00e9e de lecture estim\u00e9e":"1 minute"},"schema":{"@context":"https:\/\/schema.org","@graph":[{"@type":"WebPage","@id":"https:\/\/sarah-vigouroux-architecte.fr\/index.php\/formation-continue\/","url":"https:\/\/sarah-vigouroux-architecte.fr\/index.php\/formation-continue\/","name":"Formation continue - SARAH VIGOUROUX ARCHITECTE","isPartOf":{"@id":"https:\/\/sarah-vigouroux-architecte.fr\/#website"},"datePublished":"2025-02-20T15:00:36+00:00","dateModified":"2025-03-06T11:06:44+00:00","breadcrumb":{"@id":"https:\/\/sarah-vigouroux-architecte.fr\/index.php\/formation-continue\/#breadcrumb"},"inLanguage":"fr-FR","potentialAction":[{"@type":"ReadAction","target":["https:\/\/sarah-vigouroux-architecte.fr\/index.php\/formation-continue\/"]}]},{"@type":"BreadcrumbList","@id":"https:\/\/sarah-vigouroux-architecte.fr\/index.php\/formation-continue\/#breadcrumb","itemListElement":[{"@type":"ListItem","position":1,"name":"Accueil","item":"https:\/\/sarah-vigouroux-architecte.fr\/"},{"@type":"ListItem","position":2,"name":"Formation continue"}]},{"@type":"WebSite","@id":"https:\/\/sarah-vigouroux-architecte.fr\/#website","url":"https:\/\/sarah-vigouroux-architecte.fr\/","name":"Sarah-vigouroux-architecte.fr","description":"","publisher":{"@id":"https:\/\/sarah-vigouroux-architecte.fr\/#organization"},"potentialAction":[{"@type":"SearchAction","target":{"@type":"EntryPoint","urlTemplate":"https:\/\/sarah-vigouroux-architecte.fr\/?s={search_term_string}"},"query-input":{"@type":"PropertyValueSpecification","valueRequired":true,"valueName":"search_term_string"}}],"inLanguage":"fr-FR"},{"@type":"Organization","@id":"https:\/\/sarah-vigouroux-architecte.fr\/#organization","name":"Sarah Vigouroux Architecte","url":"https:\/\/sarah-vigouroux-architecte.fr\/","logo":{"@type":"ImageObject","inLanguage":"fr-FR","@id":"https:\/\/sarah-vigouroux-architecte.fr\/#\/schema\/logo\/image\/","url":"https:\/\/sarah-vigouroux-architecte.fr\/wp-content\/uploads\/2025\/03\/cropped-LOGO-SARAH-tiny.png","contentUrl":"https:\/\/sarah-vigouroux-architecte.fr\/wp-content\/uploads\/2025\/03\/cropped-LOGO-SARAH-tiny.png","width":1130,"height":422,"caption":"Sarah Vigouroux Architecte"},"image":{"@id":"https:\/\/sarah-vigouroux-architecte.fr\/#\/schema\/logo\/image\/"},"sameAs":["https:\/\/www.linkedin.com\/in\/sarah-vigouroux-aa933889"]}]}},"_links":{"self":[{"href":"https:\/\/sarah-vigouroux-architecte.fr\/index.php\/wp-json\/wp\/v2\/pages\/32","targetHints":{"allow":["GET"]}}],"collection":[{"href":"https:\/\/sarah-vigouroux-architecte.fr\/index.php\/wp-json\/wp\/v2\/pages"}],"about":[{"href":"https:\/\/sarah-vigouroux-architecte.fr\/index.php\/wp-json\/wp\/v2\/types\/page"}],"author":[{"embeddable":true,"href":"https:\/\/sarah-vigouroux-architecte.fr\/index.php\/wp-json\/wp\/v2\/users\/1"}],"replies":[{"embeddable":true,"href":"https:\/\/sarah-vigouroux-architecte.fr\/index.php\/wp-json\/wp\/v2\/comments?post=32"}],"version-history":[{"count":16,"href":"https:\/\/sarah-vigouroux-architecte.fr\/index.php\/wp-json\/wp\/v2\/pages\/32\/revisions"}],"predecessor-version":[{"id":187,"href":"https:\/\/sarah-vigouroux-architecte.fr\/index.php\/wp-json\/wp\/v2\/pages\/32\/revisions\/187"}],"wp:attachment":[{"href":"https:\/\/sarah-vigouroux-architecte.fr\/index.php\/wp-json\/wp\/v2\/media?parent=32"}],"curies":[{"name":"wp","href":"https:\/\/api.w.org\/{rel}","templated":true}]}}