{"id":333,"date":"2025-03-11T11:53:35","date_gmt":"2025-03-11T10:53:35","guid":{"rendered":"https:\/\/sarah-vigouroux-architecte.fr\/?page_id=333"},"modified":"2025-03-11T14:27:48","modified_gmt":"2025-03-11T13:27:48","slug":"mentions-legales","status":"publish","type":"page","link":"https:\/\/sarah-vigouroux-architecte.fr\/index.php\/mentions-legales\/","title":{"rendered":"Mentions l\u00e9gales"},"content":{"rendered":"\t\t<div data-elementor-type=\"wp-page\" data-elementor-id=\"333\" class=\"elementor elementor-333\">\n\t\t\t\t<div class=\"elementor-element elementor-element-c0f888d e-flex e-con-boxed e-con e-parent\" data-id=\"c0f888d\" data-element_type=\"container\" data-e-type=\"container\">\n\t\t\t\t\t<div class=\"e-con-inner\">\n\t\t\t\t<div class=\"elementor-element elementor-element-a21b298 elementor-widget elementor-widget-text-editor\" data-id=\"a21b298\" data-element_type=\"widget\" data-e-type=\"widget\" data-widget_type=\"text-editor.default\">\n\t\t\t\t<div class=\"elementor-widget-container\">\n\t\t\t\t\t\t\t\t\t<h2>Mentions l\u00e9gales :<\/h2><p>Vous naviguez sur le site de la soci\u00e9t\u00e9 SARAH VIGOUROUX ARCHITECTE EURL<\/p><p>Le site web accessible \u00e0 l\u2019URL <a href=\"http:\/\/www.architectes.org\/\">http:\/\/www.sarah-vigouroux-architecte.fr <\/a>est d\u00e9tenu, financ\u00e9 et \u00e9dit\u00e9 par la soci\u00e9t\u00e9 SARAH VIGOUROUX ARCHITECTE EURL.<\/p><p>\u00a0<\/p><hr \/><h2>Informations Editeur :\u00a0<\/h2><p>SARAH VIGOUROUX ARCHITECTE EURL<\/p><p>EURL d&rsquo;architecture au capital social de 1000\u20ac<\/p><p>Inscrite au Tableau de l&rsquo;Ordre des Architectes d&rsquo;Ile-deFrance sous le num\u00e9ro : S17481<\/p><p>Si\u00e8ge social situ\u00e9 au 122 rue Amelot 75011 Paris &#8211;\u00a0<span style=\"font-size: 14px;\">T\u00e9l\u00e9phone : +33 6 77 13 73 23 &#8211; email : sarah.vigouroux.architecte@gmail.com<\/span><\/p><p>Siret : 812 136 893 00037 RCS de Paris &#8211; N\u00b0 de TVA intercommunautaire : FR96812136893<\/p><p>Code APE : 71.11Z &#8211; Activit\u00e9s d&rsquo;Architecture<\/p><p>\u00a0<\/p><hr \/><h2>Informations h\u00e9bergeur :<\/h2><p>OVH &#8211; SAS au capital de 50 000 000 \u20ac<\/p><p>RCS Lille M\u00e9tropole 424 761 419 00045<br \/>Code APE 2620Z<br \/>N\u00b0 TVA : FR 22 424 761 419<br \/>Si\u00e8ge social : 2 rue Kellermann &#8211; 59100 Roubaix &#8211; France<\/p><p>OVH SAS est une filiale de la soci\u00e9t\u00e9 OVH Groupe SA, soci\u00e9t\u00e9 immatricul\u00e9e au RCS de Lille sous le num\u00e9ro 537 407 926 sise 2, rue Kellermann, 59100 Roubaix.<\/p><p>Directeur de la publication\u00a0:\u00a0Benjamin Revcolevschi<\/p><p>\u00a0<\/p><hr \/><h2>Protection du titre d\u2019architecte<\/h2><p>La <a href=\"https:\/\/www.architectes.org\/loi-n%C2%B0-77-2-du-3-janvier-1977-sur-l-architecture\">loi n\u00b077-2 du 3 janvier 1977 sur l\u2019architecture <\/a>limite du port du titre d\u2019architecte aux seules personnes inscrites au tableau de l\u2019Ordre des architectes.<\/p><p>Cette protection implique notamment l\u2019interdiction d\u2019utiliser le titre d\u2019architecte \u00e0 toute personne non inscrite, mais \u00e9galement l\u2019interdiction d\u2019employer des\u00a0\u00ab\u00a0termes propres \u00e0 entretenir dans le public la croyance erron\u00e9e en la qualit\u00e9 d\u2019architecte ou de soci\u00e9t\u00e9 d\u2019architecture\u00a0\u00bb ainsi que le dispose l\u2019article 40 de cette m\u00eame loi.<\/p><p>Ainsi, seules les personnes inscrites \u00e0 l\u2019Ordre peuvent utiliser les termes li\u00e9s \u00e0 l\u2019architecture afin de promouvoir leur activit\u00e9 sur leur site internet.<\/p><p>La m\u00e9connaissance de cet article est passible d\u2019une peine d\u2019un an d\u2019emprisonnement et de 15\u00a0000 \u20ac d\u2019amende pour usurpation du titre d\u2019architecte, en application de l\u2019article 433-17 du Code p\u00e9nal.<\/p><hr \/><p>\u00a0<\/p>\t\t\t\t\t\t\t\t<\/div>\n\t\t\t\t<\/div>\n\t\t\t\t\t<\/div>\n\t\t\t\t<\/div>\n\t\t\t\t<\/div>\n\t\t","protected":false},"excerpt":{"rendered":"<p>Mentions l\u00e9gales : Vous naviguez sur le site de la soci\u00e9t\u00e9 SARAH VIGOUROUX ARCHITECTE EURL Le site web accessible \u00e0 l\u2019URL http:\/\/www.sarah-vigouroux-architecte.fr est d\u00e9tenu, financ\u00e9 et \u00e9dit\u00e9 par la soci\u00e9t\u00e9 SARAH VIGOUROUX ARCHITECTE EURL. \u00a0 Informations Editeur :\u00a0 SARAH VIGOUROUX ARCHITECTE EURL EURL d&rsquo;architecture au capital social de 1000\u20ac Inscrite au Tableau de l&rsquo;Ordre des [&hellip;]<\/p>\n","protected":false},"author":1,"featured_media":0,"parent":0,"menu_order":0,"comment_status":"closed","ping_status":"closed","template":"","meta":{"footnotes":""},"class_list":["post-333","page","type-page","status-publish","hentry","entry"],"yoast_head":"<!-- This site is optimized with the Yoast SEO plugin v27.5 - https:\/\/yoast.com\/product\/yoast-seo-wordpress\/ -->\n<title>Mentions l\u00e9gales - SARAH VIGOUROUX ARCHITECTE<\/title>\n<meta name=\"robots\" content=\"index, follow, max-snippet:-1, max-image-preview:large, max-video-preview:-1\" \/>\n<link rel=\"canonical\" href=\"https:\/\/sarah-vigouroux-architecte.fr\/index.php\/mentions-legales\/\" \/>\n<meta property=\"og:locale\" content=\"fr_FR\" \/>\n<meta property=\"og:type\" content=\"article\" \/>\n<meta property=\"og:title\" content=\"Mentions l\u00e9gales - SARAH VIGOUROUX ARCHITECTE\" \/>\n<meta property=\"og:description\" content=\"Mentions l\u00e9gales : Vous naviguez sur le site de la soci\u00e9t\u00e9 SARAH VIGOUROUX ARCHITECTE EURL Le site web accessible \u00e0 l\u2019URL http:\/\/www.sarah-vigouroux-architecte.fr est d\u00e9tenu, financ\u00e9 et \u00e9dit\u00e9 par la soci\u00e9t\u00e9 SARAH VIGOUROUX ARCHITECTE EURL. \u00a0 Informations Editeur :\u00a0 SARAH VIGOUROUX ARCHITECTE EURL EURL d&rsquo;architecture au capital social de 1000\u20ac Inscrite au Tableau de l&rsquo;Ordre des [&hellip;]\" \/>\n<meta property=\"og:url\" content=\"https:\/\/sarah-vigouroux-architecte.fr\/index.php\/mentions-legales\/\" \/>\n<meta property=\"og:site_name\" content=\"SARAH VIGOUROUX ARCHITECTE\" \/>\n<meta property=\"article:modified_time\" content=\"2025-03-11T13:27:48+00:00\" \/>\n<meta name=\"twitter:card\" content=\"summary_large_image\" \/>\n<meta name=\"twitter:label1\" content=\"Dur\u00e9e de lecture estim\u00e9e\" \/>\n\t<meta name=\"twitter:data1\" content=\"2 minutes\" \/>\n<script type=\"application\/ld+json\" class=\"yoast-schema-graph\">{\"@context\":\"https:\\\/\\\/schema.org\",\"@graph\":[{\"@type\":\"WebPage\",\"@id\":\"https:\\\/\\\/sarah-vigouroux-architecte.fr\\\/index.php\\\/mentions-legales\\\/\",\"url\":\"https:\\\/\\\/sarah-vigouroux-architecte.fr\\\/index.php\\\/mentions-legales\\\/\",\"name\":\"Mentions l\u00e9gales - SARAH VIGOUROUX ARCHITECTE\",\"isPartOf\":{\"@id\":\"https:\\\/\\\/sarah-vigouroux-architecte.fr\\\/#website\"},\"datePublished\":\"2025-03-11T10:53:35+00:00\",\"dateModified\":\"2025-03-11T13:27:48+00:00\",\"breadcrumb\":{\"@id\":\"https:\\\/\\\/sarah-vigouroux-architecte.fr\\\/index.php\\\/mentions-legales\\\/#breadcrumb\"},\"inLanguage\":\"fr-FR\",\"potentialAction\":[{\"@type\":\"ReadAction\",\"target\":[\"https:\\\/\\\/sarah-vigouroux-architecte.fr\\\/index.php\\\/mentions-legales\\\/\"]}]},{\"@type\":\"BreadcrumbList\",\"@id\":\"https:\\\/\\\/sarah-vigouroux-architecte.fr\\\/index.php\\\/mentions-legales\\\/#breadcrumb\",\"itemListElement\":[{\"@type\":\"ListItem\",\"position\":1,\"name\":\"Accueil\",\"item\":\"https:\\\/\\\/sarah-vigouroux-architecte.fr\\\/\"},{\"@type\":\"ListItem\",\"position\":2,\"name\":\"Mentions l\u00e9gales\"}]},{\"@type\":\"WebSite\",\"@id\":\"https:\\\/\\\/sarah-vigouroux-architecte.fr\\\/#website\",\"url\":\"https:\\\/\\\/sarah-vigouroux-architecte.fr\\\/\",\"name\":\"Sarah-vigouroux-architecte.fr\",\"description\":\"\",\"publisher\":{\"@id\":\"https:\\\/\\\/sarah-vigouroux-architecte.fr\\\/#organization\"},\"potentialAction\":[{\"@type\":\"SearchAction\",\"target\":{\"@type\":\"EntryPoint\",\"urlTemplate\":\"https:\\\/\\\/sarah-vigouroux-architecte.fr\\\/?s={search_term_string}\"},\"query-input\":{\"@type\":\"PropertyValueSpecification\",\"valueRequired\":true,\"valueName\":\"search_term_string\"}}],\"inLanguage\":\"fr-FR\"},{\"@type\":\"Organization\",\"@id\":\"https:\\\/\\\/sarah-vigouroux-architecte.fr\\\/#organization\",\"name\":\"Sarah Vigouroux Architecte\",\"url\":\"https:\\\/\\\/sarah-vigouroux-architecte.fr\\\/\",\"logo\":{\"@type\":\"ImageObject\",\"inLanguage\":\"fr-FR\",\"@id\":\"https:\\\/\\\/sarah-vigouroux-architecte.fr\\\/#\\\/schema\\\/logo\\\/image\\\/\",\"url\":\"https:\\\/\\\/sarah-vigouroux-architecte.fr\\\/wp-content\\\/uploads\\\/2025\\\/03\\\/cropped-LOGO-SARAH-tiny.png\",\"contentUrl\":\"https:\\\/\\\/sarah-vigouroux-architecte.fr\\\/wp-content\\\/uploads\\\/2025\\\/03\\\/cropped-LOGO-SARAH-tiny.png\",\"width\":1130,\"height\":422,\"caption\":\"Sarah Vigouroux Architecte\"},\"image\":{\"@id\":\"https:\\\/\\\/sarah-vigouroux-architecte.fr\\\/#\\\/schema\\\/logo\\\/image\\\/\"},\"sameAs\":[\"https:\\\/\\\/www.linkedin.com\\\/in\\\/sarah-vigouroux-aa933889\"]}]}<\/script>\n<!-- \/ Yoast SEO plugin. -->","yoast_head_json":{"title":"Mentions l\u00e9gales - SARAH VIGOUROUX ARCHITECTE","robots":{"index":"index","follow":"follow","max-snippet":"max-snippet:-1","max-image-preview":"max-image-preview:large","max-video-preview":"max-video-preview:-1"},"canonical":"https:\/\/sarah-vigouroux-architecte.fr\/index.php\/mentions-legales\/","og_locale":"fr_FR","og_type":"article","og_title":"Mentions l\u00e9gales - SARAH VIGOUROUX ARCHITECTE","og_description":"Mentions l\u00e9gales : Vous naviguez sur le site de la soci\u00e9t\u00e9 SARAH VIGOUROUX ARCHITECTE EURL Le site web accessible \u00e0 l\u2019URL http:\/\/www.sarah-vigouroux-architecte.fr est d\u00e9tenu, financ\u00e9 et \u00e9dit\u00e9 par la soci\u00e9t\u00e9 SARAH VIGOUROUX ARCHITECTE EURL. \u00a0 Informations Editeur :\u00a0 SARAH VIGOUROUX ARCHITECTE EURL EURL d&rsquo;architecture au capital social de 1000\u20ac Inscrite au Tableau de l&rsquo;Ordre des [&hellip;]","og_url":"https:\/\/sarah-vigouroux-architecte.fr\/index.php\/mentions-legales\/","og_site_name":"SARAH VIGOUROUX ARCHITECTE","article_modified_time":"2025-03-11T13:27:48+00:00","twitter_card":"summary_large_image","twitter_misc":{"Dur\u00e9e de lecture estim\u00e9e":"2 minutes"},"schema":{"@context":"https:\/\/schema.org","@graph":[{"@type":"WebPage","@id":"https:\/\/sarah-vigouroux-architecte.fr\/index.php\/mentions-legales\/","url":"https:\/\/sarah-vigouroux-architecte.fr\/index.php\/mentions-legales\/","name":"Mentions l\u00e9gales - SARAH VIGOUROUX ARCHITECTE","isPartOf":{"@id":"https:\/\/sarah-vigouroux-architecte.fr\/#website"},"datePublished":"2025-03-11T10:53:35+00:00","dateModified":"2025-03-11T13:27:48+00:00","breadcrumb":{"@id":"https:\/\/sarah-vigouroux-architecte.fr\/index.php\/mentions-legales\/#breadcrumb"},"inLanguage":"fr-FR","potentialAction":[{"@type":"ReadAction","target":["https:\/\/sarah-vigouroux-architecte.fr\/index.php\/mentions-legales\/"]}]},{"@type":"BreadcrumbList","@id":"https:\/\/sarah-vigouroux-architecte.fr\/index.php\/mentions-legales\/#breadcrumb","itemListElement":[{"@type":"ListItem","position":1,"name":"Accueil","item":"https:\/\/sarah-vigouroux-architecte.fr\/"},{"@type":"ListItem","position":2,"name":"Mentions l\u00e9gales"}]},{"@type":"WebSite","@id":"https:\/\/sarah-vigouroux-architecte.fr\/#website","url":"https:\/\/sarah-vigouroux-architecte.fr\/","name":"Sarah-vigouroux-architecte.fr","description":"","publisher":{"@id":"https:\/\/sarah-vigouroux-architecte.fr\/#organization"},"potentialAction":[{"@type":"SearchAction","target":{"@type":"EntryPoint","urlTemplate":"https:\/\/sarah-vigouroux-architecte.fr\/?s={search_term_string}"},"query-input":{"@type":"PropertyValueSpecification","valueRequired":true,"valueName":"search_term_string"}}],"inLanguage":"fr-FR"},{"@type":"Organization","@id":"https:\/\/sarah-vigouroux-architecte.fr\/#organization","name":"Sarah Vigouroux Architecte","url":"https:\/\/sarah-vigouroux-architecte.fr\/","logo":{"@type":"ImageObject","inLanguage":"fr-FR","@id":"https:\/\/sarah-vigouroux-architecte.fr\/#\/schema\/logo\/image\/","url":"https:\/\/sarah-vigouroux-architecte.fr\/wp-content\/uploads\/2025\/03\/cropped-LOGO-SARAH-tiny.png","contentUrl":"https:\/\/sarah-vigouroux-architecte.fr\/wp-content\/uploads\/2025\/03\/cropped-LOGO-SARAH-tiny.png","width":1130,"height":422,"caption":"Sarah Vigouroux Architecte"},"image":{"@id":"https:\/\/sarah-vigouroux-architecte.fr\/#\/schema\/logo\/image\/"},"sameAs":["https:\/\/www.linkedin.com\/in\/sarah-vigouroux-aa933889"]}]}},"_links":{"self":[{"href":"https:\/\/sarah-vigouroux-architecte.fr\/index.php\/wp-json\/wp\/v2\/pages\/333","targetHints":{"allow":["GET"]}}],"collection":[{"href":"https:\/\/sarah-vigouroux-architecte.fr\/index.php\/wp-json\/wp\/v2\/pages"}],"about":[{"href":"https:\/\/sarah-vigouroux-architecte.fr\/index.php\/wp-json\/wp\/v2\/types\/page"}],"author":[{"embeddable":true,"href":"https:\/\/sarah-vigouroux-architecte.fr\/index.php\/wp-json\/wp\/v2\/users\/1"}],"replies":[{"embeddable":true,"href":"https:\/\/sarah-vigouroux-architecte.fr\/index.php\/wp-json\/wp\/v2\/comments?post=333"}],"version-history":[{"count":25,"href":"https:\/\/sarah-vigouroux-architecte.fr\/index.php\/wp-json\/wp\/v2\/pages\/333\/revisions"}],"predecessor-version":[{"id":377,"href":"https:\/\/sarah-vigouroux-architecte.fr\/index.php\/wp-json\/wp\/v2\/pages\/333\/revisions\/377"}],"wp:attachment":[{"href":"https:\/\/sarah-vigouroux-architecte.fr\/index.php\/wp-json\/wp\/v2\/media?parent=333"}],"curies":[{"name":"wp","href":"https:\/\/api.w.org\/{rel}","templated":true}]}}