{"id":378,"date":"2025-03-11T14:33:43","date_gmt":"2025-03-11T13:33:43","guid":{"rendered":"https:\/\/sarah-vigouroux-architecte.fr\/?page_id=378"},"modified":"2025-03-11T14:35:46","modified_gmt":"2025-03-11T13:35:46","slug":"conditions-generales-dutilisation-cgu","status":"publish","type":"page","link":"https:\/\/sarah-vigouroux-architecte.fr\/index.php\/conditions-generales-dutilisation-cgu\/","title":{"rendered":"Conditions G\u00e9n\u00e9rales d&rsquo;Utilisation (CGU)"},"content":{"rendered":"\t\t<div data-elementor-type=\"wp-page\" data-elementor-id=\"378\" class=\"elementor elementor-378\">\n\t\t\t\t<div class=\"elementor-element elementor-element-6ac7496 e-flex e-con-boxed e-con e-parent\" data-id=\"6ac7496\" data-element_type=\"container\" data-e-type=\"container\">\n\t\t\t\t\t<div class=\"e-con-inner\">\n\t\t\t\t<div class=\"elementor-element elementor-element-7bb3058 elementor-widget elementor-widget-heading\" data-id=\"7bb3058\" data-element_type=\"widget\" data-e-type=\"widget\" data-widget_type=\"heading.default\">\n\t\t\t\t<div class=\"elementor-widget-container\">\n\t\t\t\t\t<h2 class=\"elementor-heading-title elementor-size-default\">Conditions G\u00e9n\u00e9rales d'Utilisation (CGU)<\/h2>\t\t\t\t<\/div>\n\t\t\t\t<\/div>\n\t\t\t\t\t<\/div>\n\t\t\t\t<\/div>\n\t\t<div class=\"elementor-element elementor-element-d940e3d e-flex e-con-boxed e-con e-parent\" data-id=\"d940e3d\" data-element_type=\"container\" data-e-type=\"container\">\n\t\t\t\t\t<div class=\"e-con-inner\">\n\t\t\t\t<div class=\"elementor-element elementor-element-a06e4d5 elementor-widget elementor-widget-text-editor\" data-id=\"a06e4d5\" data-element_type=\"widget\" data-e-type=\"widget\" data-widget_type=\"text-editor.default\">\n\t\t\t\t<div class=\"elementor-widget-container\">\n\t\t\t\t\t\t\t\t\t<p data-start=\"354\" data-end=\"373\">\u00a0<\/p><p data-start=\"354\" data-end=\"373\">Derni\u00e8re mise \u00e0 jour : 11\/03\/2025<\/p><p data-start=\"354\" data-end=\"373\"><strong data-start=\"354\" data-end=\"373\">1. Introduction<\/strong><\/p><p data-start=\"375\" data-end=\"669\">Les pr\u00e9sentes Conditions G\u00e9n\u00e9rales d&rsquo;Utilisation (CGU) r\u00e9gissent l&rsquo;acc\u00e8s et l&rsquo;utilisation du site web de Sarah Vigouroux Architecte (ci-apr\u00e8s \u00ab\u00a0le Site\u00a0\u00bb). En acc\u00e9dant au Site, vous acceptez sans r\u00e9serve ces CGU. Si vous n&rsquo;acceptez pas ces conditions, nous vous prions de ne pas utiliser ce Site.<\/p><p data-start=\"671\" data-end=\"702\"><strong data-start=\"671\" data-end=\"702\">2. Informations sur le site<\/strong><\/p><p data-start=\"704\" data-end=\"781\">Le site <a target=\"_new\" rel=\"noopener\" data-start=\"712\" data-end=\"744\">www.sarah-vigouroux-architecte.fr<\/a>\u00a0(ci-apr\u00e8s \u00ab\u00a0le Site\u00a0\u00bb) est \u00e9dit\u00e9 par :<\/p><ul data-start=\"782\" data-end=\"1044\"><li data-start=\"782\" data-end=\"842\">Nom de l&rsquo;entreprise : SARAH VIGOUROUX ARCHITECTE\u00a0<\/li><li data-start=\"843\" data-end=\"894\">D\u00e9nomination sociale : Sarah Vigouroux Architecte EURL<\/li><li data-start=\"895\" data-end=\"925\">Adresse : 122 rue Amelot 75011 Paris<\/li><li data-start=\"926\" data-end=\"951\">Email : sarah.vigouroux.architecte@gmail.com<\/li><li data-start=\"952\" data-end=\"987\">T\u00e9l\u00e9phone : +33 6 77 13 73 23<\/li><li data-start=\"988\" data-end=\"1044\">Num\u00e9ro d&rsquo;identification : 812 136 893<\/li><\/ul><p data-start=\"1046\" data-end=\"1066\"><strong data-start=\"1046\" data-end=\"1066\">3. Objet du site<\/strong><\/p><p data-start=\"1068\" data-end=\"1341\">Le Site a pour objectif de pr\u00e9senter les services d&rsquo;architecture propos\u00e9s par Sarah Vigouroux Architecte, d&rsquo;informer sur les projets r\u00e9alis\u00e9s, de permettre aux utilisateurs de prendre contact, et de fournir des ressources et informations pertinentes li\u00e9es aux travail fourni par l&rsquo;agence.<\/p><p data-start=\"1343\" data-end=\"1363\"><strong data-start=\"1343\" data-end=\"1363\">4. Acc\u00e8s au site<\/strong><\/p><p data-start=\"1365\" data-end=\"1605\">L&rsquo;acc\u00e8s au Site est libre et gratuit. Cependant, certains services peuvent n\u00e9cessiter une inscription ou la fourniture d&rsquo;informations suppl\u00e9mentaires. L&rsquo;utilisateur s&rsquo;engage \u00e0 utiliser le Site conform\u00e9ment aux lois et r\u00e8glements en vigueur.<\/p><p data-start=\"1607\" data-end=\"1638\"><strong data-start=\"1607\" data-end=\"1638\">5. Propri\u00e9t\u00e9 intellectuelle<\/strong><\/p><p data-start=\"1640\" data-end=\"2042\">Tous les contenus pr\u00e9sents sur le Site, y compris mais sans se limiter aux textes, images, logos, vid\u00e9os, sont prot\u00e9g\u00e9s par des droits de propri\u00e9t\u00e9 intellectuelle (droit d&rsquo;auteur, marques, etc.) et sont la propri\u00e9t\u00e9 exclusive de Sarah Vigouroux Architecte ou de ses partenaires. Toute reproduction, repr\u00e9sentation, modification ou distribution de ces contenus sans autorisation pr\u00e9alable est interdite.<\/p><p data-start=\"2044\" data-end=\"2065\"><strong data-start=\"2044\" data-end=\"2065\">6. Responsabilit\u00e9<\/strong><\/p><p data-start=\"2067\" data-end=\"2399\">Sarah Vigouroux Architecte met tout en \u0153uvre pour assurer l&rsquo;exactitude et la mise \u00e0 jour des informations pr\u00e9sentes sur le Site. Cependant, elle ne saurait \u00eatre tenue responsable des erreurs, omissions ou interruptions du service. L&rsquo;utilisateur est seul responsable de l&rsquo;utilisation qu&rsquo;il fait des informations fournies sur le Site.<\/p><p data-start=\"2401\" data-end=\"2434\"><strong data-start=\"2401\" data-end=\"2434\">7. Liens vers des sites tiers<\/strong><\/p><p data-start=\"2436\" data-end=\"2684\">Le Site peut contenir des liens vers des sites externes. Sarah Vigouroux Architecte n&rsquo;exerce aucun contr\u00f4le sur ces sites et ne saurait \u00eatre responsable de leur contenu, des informations qu&rsquo;ils collectent, ou de leur conformit\u00e9 aux lois en vigueur.<\/p><p data-start=\"2686\" data-end=\"2728\"><strong data-start=\"2686\" data-end=\"2728\">8. Protection des donn\u00e9es personnelles<\/strong><\/p><p data-start=\"2730\" data-end=\"3023\">Les donn\u00e9es personnelles collect\u00e9es sur le Site sont trait\u00e9es conform\u00e9ment \u00e0 la politique de confidentialit\u00e9 disponible sur le Site. L&rsquo;utilisateur dispose d&rsquo;un droit d&rsquo;acc\u00e8s, de rectification et de suppression des donn\u00e9es qui le concernent, selon les dispositions de la l\u00e9gislation applicable.<\/p><p data-start=\"3025\" data-end=\"3039\"><strong data-start=\"3025\" data-end=\"3039\">9. Cookies<\/strong><\/p><p data-start=\"3041\" data-end=\"3219\">Le Site utilise des cookies afin d&rsquo;am\u00e9liorer l&rsquo;exp\u00e9rience utilisateur. Pour plus d&rsquo;informations, veuillez consulter notre politique en mati\u00e8re de cookies, disponible sur le Site.<\/p><p data-start=\"3221\" data-end=\"3249\"><strong data-start=\"3221\" data-end=\"3249\">10. Modification des CGU<\/strong><\/p><p data-start=\"3251\" data-end=\"3538\">Sarah Vigouroux Architecte se r\u00e9serve le droit de modifier les pr\u00e9sentes Conditions G\u00e9n\u00e9rales d&rsquo;Utilisation \u00e0 tout moment. Les modifications seront publi\u00e9es sur cette page avec la date de mise \u00e0 jour. Il est de la responsabilit\u00e9 de l&rsquo;utilisateur de consulter r\u00e9guli\u00e8rement cette section.<\/p><p data-start=\"3540\" data-end=\"3590\"><strong data-start=\"3540\" data-end=\"3590\">11. Droit applicable et juridiction comp\u00e9tente<\/strong><\/p><p data-start=\"3592\" data-end=\"3725\">Les pr\u00e9sentes CGU sont soumises au droit fran\u00e7ais. En cas de litige, les tribunaux comp\u00e9tents seront ceux de Paris.<\/p><p data-start=\"3727\" data-end=\"3742\"><strong data-start=\"3727\" data-end=\"3742\">12. Contact<\/strong><\/p><p data-start=\"3744\" data-end=\"3945\">Pour toute question ou demande relative aux pr\u00e9sentes CGU, vous pouvez nous contacter \u00e0 l&rsquo;adresse suivante :<br data-start=\"3852\" data-end=\"3855\" \/>Email : sarah.vigouroux.architecte@gmail.com<br data-start=\"3878\" data-end=\"3881\" \/>T\u00e9l\u00e9phone : +33 6 77 13 73 23<br data-start=\"3914\" data-end=\"3917\" \/>Adresse : 122 rue Amelot 75011 Paris<\/p>\t\t\t\t\t\t\t\t<\/div>\n\t\t\t\t<\/div>\n\t\t\t\t\t<\/div>\n\t\t\t\t<\/div>\n\t\t\t\t<\/div>\n\t\t","protected":false},"excerpt":{"rendered":"<p>Conditions G\u00e9n\u00e9rales d&rsquo;Utilisation (CGU) \u00a0 Derni\u00e8re mise \u00e0 jour : 11\/03\/2025 1. Introduction Les pr\u00e9sentes Conditions G\u00e9n\u00e9rales d&rsquo;Utilisation (CGU) r\u00e9gissent l&rsquo;acc\u00e8s et l&rsquo;utilisation du site web de Sarah Vigouroux Architecte (ci-apr\u00e8s \u00ab\u00a0le Site\u00a0\u00bb). En acc\u00e9dant au Site, vous acceptez sans r\u00e9serve ces CGU. Si vous n&rsquo;acceptez pas ces conditions, nous vous prions de ne pas [&hellip;]<\/p>\n","protected":false},"author":1,"featured_media":0,"parent":0,"menu_order":0,"comment_status":"closed","ping_status":"closed","template":"","meta":{"footnotes":""},"class_list":["post-378","page","type-page","status-publish","hentry","entry"],"yoast_head":"<!-- This site is optimized with the Yoast SEO plugin v27.5 - https:\/\/yoast.com\/product\/yoast-seo-wordpress\/ -->\n<title>Conditions G\u00e9n\u00e9rales d&#039;Utilisation (CGU) - SARAH VIGOUROUX ARCHITECTE<\/title>\n<meta name=\"robots\" content=\"index, follow, max-snippet:-1, max-image-preview:large, max-video-preview:-1\" \/>\n<link rel=\"canonical\" href=\"https:\/\/sarah-vigouroux-architecte.fr\/index.php\/conditions-generales-dutilisation-cgu\/\" \/>\n<meta property=\"og:locale\" content=\"fr_FR\" \/>\n<meta property=\"og:type\" content=\"article\" \/>\n<meta property=\"og:title\" content=\"Conditions G\u00e9n\u00e9rales d&#039;Utilisation (CGU) - SARAH VIGOUROUX ARCHITECTE\" \/>\n<meta property=\"og:description\" content=\"Conditions G\u00e9n\u00e9rales d&rsquo;Utilisation (CGU) \u00a0 Derni\u00e8re mise \u00e0 jour : 11\/03\/2025 1. Introduction Les pr\u00e9sentes Conditions G\u00e9n\u00e9rales d&rsquo;Utilisation (CGU) r\u00e9gissent l&rsquo;acc\u00e8s et l&rsquo;utilisation du site web de Sarah Vigouroux Architecte (ci-apr\u00e8s \u00ab\u00a0le Site\u00a0\u00bb). En acc\u00e9dant au Site, vous acceptez sans r\u00e9serve ces CGU. Si vous n&rsquo;acceptez pas ces conditions, nous vous prions de ne pas [&hellip;]\" \/>\n<meta property=\"og:url\" content=\"https:\/\/sarah-vigouroux-architecte.fr\/index.php\/conditions-generales-dutilisation-cgu\/\" \/>\n<meta property=\"og:site_name\" content=\"SARAH VIGOUROUX ARCHITECTE\" \/>\n<meta property=\"article:modified_time\" content=\"2025-03-11T13:35:46+00:00\" \/>\n<meta name=\"twitter:card\" content=\"summary_large_image\" \/>\n<meta name=\"twitter:label1\" content=\"Dur\u00e9e de lecture estim\u00e9e\" \/>\n\t<meta name=\"twitter:data1\" content=\"3 minutes\" \/>\n<script type=\"application\/ld+json\" class=\"yoast-schema-graph\">{\"@context\":\"https:\\\/\\\/schema.org\",\"@graph\":[{\"@type\":\"WebPage\",\"@id\":\"https:\\\/\\\/sarah-vigouroux-architecte.fr\\\/index.php\\\/conditions-generales-dutilisation-cgu\\\/\",\"url\":\"https:\\\/\\\/sarah-vigouroux-architecte.fr\\\/index.php\\\/conditions-generales-dutilisation-cgu\\\/\",\"name\":\"Conditions G\u00e9n\u00e9rales d'Utilisation (CGU) - SARAH VIGOUROUX ARCHITECTE\",\"isPartOf\":{\"@id\":\"https:\\\/\\\/sarah-vigouroux-architecte.fr\\\/#website\"},\"datePublished\":\"2025-03-11T13:33:43+00:00\",\"dateModified\":\"2025-03-11T13:35:46+00:00\",\"breadcrumb\":{\"@id\":\"https:\\\/\\\/sarah-vigouroux-architecte.fr\\\/index.php\\\/conditions-generales-dutilisation-cgu\\\/#breadcrumb\"},\"inLanguage\":\"fr-FR\",\"potentialAction\":[{\"@type\":\"ReadAction\",\"target\":[\"https:\\\/\\\/sarah-vigouroux-architecte.fr\\\/index.php\\\/conditions-generales-dutilisation-cgu\\\/\"]}]},{\"@type\":\"BreadcrumbList\",\"@id\":\"https:\\\/\\\/sarah-vigouroux-architecte.fr\\\/index.php\\\/conditions-generales-dutilisation-cgu\\\/#breadcrumb\",\"itemListElement\":[{\"@type\":\"ListItem\",\"position\":1,\"name\":\"Accueil\",\"item\":\"https:\\\/\\\/sarah-vigouroux-architecte.fr\\\/\"},{\"@type\":\"ListItem\",\"position\":2,\"name\":\"Conditions G\u00e9n\u00e9rales d&rsquo;Utilisation (CGU)\"}]},{\"@type\":\"WebSite\",\"@id\":\"https:\\\/\\\/sarah-vigouroux-architecte.fr\\\/#website\",\"url\":\"https:\\\/\\\/sarah-vigouroux-architecte.fr\\\/\",\"name\":\"Sarah-vigouroux-architecte.fr\",\"description\":\"\",\"publisher\":{\"@id\":\"https:\\\/\\\/sarah-vigouroux-architecte.fr\\\/#organization\"},\"potentialAction\":[{\"@type\":\"SearchAction\",\"target\":{\"@type\":\"EntryPoint\",\"urlTemplate\":\"https:\\\/\\\/sarah-vigouroux-architecte.fr\\\/?s={search_term_string}\"},\"query-input\":{\"@type\":\"PropertyValueSpecification\",\"valueRequired\":true,\"valueName\":\"search_term_string\"}}],\"inLanguage\":\"fr-FR\"},{\"@type\":\"Organization\",\"@id\":\"https:\\\/\\\/sarah-vigouroux-architecte.fr\\\/#organization\",\"name\":\"Sarah Vigouroux Architecte\",\"url\":\"https:\\\/\\\/sarah-vigouroux-architecte.fr\\\/\",\"logo\":{\"@type\":\"ImageObject\",\"inLanguage\":\"fr-FR\",\"@id\":\"https:\\\/\\\/sarah-vigouroux-architecte.fr\\\/#\\\/schema\\\/logo\\\/image\\\/\",\"url\":\"https:\\\/\\\/sarah-vigouroux-architecte.fr\\\/wp-content\\\/uploads\\\/2025\\\/03\\\/cropped-LOGO-SARAH-tiny.png\",\"contentUrl\":\"https:\\\/\\\/sarah-vigouroux-architecte.fr\\\/wp-content\\\/uploads\\\/2025\\\/03\\\/cropped-LOGO-SARAH-tiny.png\",\"width\":1130,\"height\":422,\"caption\":\"Sarah Vigouroux Architecte\"},\"image\":{\"@id\":\"https:\\\/\\\/sarah-vigouroux-architecte.fr\\\/#\\\/schema\\\/logo\\\/image\\\/\"},\"sameAs\":[\"https:\\\/\\\/www.linkedin.com\\\/in\\\/sarah-vigouroux-aa933889\"]}]}<\/script>\n<!-- \/ Yoast SEO plugin. -->","yoast_head_json":{"title":"Conditions G\u00e9n\u00e9rales d'Utilisation (CGU) - SARAH VIGOUROUX ARCHITECTE","robots":{"index":"index","follow":"follow","max-snippet":"max-snippet:-1","max-image-preview":"max-image-preview:large","max-video-preview":"max-video-preview:-1"},"canonical":"https:\/\/sarah-vigouroux-architecte.fr\/index.php\/conditions-generales-dutilisation-cgu\/","og_locale":"fr_FR","og_type":"article","og_title":"Conditions G\u00e9n\u00e9rales d'Utilisation (CGU) - SARAH VIGOUROUX ARCHITECTE","og_description":"Conditions G\u00e9n\u00e9rales d&rsquo;Utilisation (CGU) \u00a0 Derni\u00e8re mise \u00e0 jour : 11\/03\/2025 1. Introduction Les pr\u00e9sentes Conditions G\u00e9n\u00e9rales d&rsquo;Utilisation (CGU) r\u00e9gissent l&rsquo;acc\u00e8s et l&rsquo;utilisation du site web de Sarah Vigouroux Architecte (ci-apr\u00e8s \u00ab\u00a0le Site\u00a0\u00bb). En acc\u00e9dant au Site, vous acceptez sans r\u00e9serve ces CGU. Si vous n&rsquo;acceptez pas ces conditions, nous vous prions de ne pas [&hellip;]","og_url":"https:\/\/sarah-vigouroux-architecte.fr\/index.php\/conditions-generales-dutilisation-cgu\/","og_site_name":"SARAH VIGOUROUX ARCHITECTE","article_modified_time":"2025-03-11T13:35:46+00:00","twitter_card":"summary_large_image","twitter_misc":{"Dur\u00e9e de lecture estim\u00e9e":"3 minutes"},"schema":{"@context":"https:\/\/schema.org","@graph":[{"@type":"WebPage","@id":"https:\/\/sarah-vigouroux-architecte.fr\/index.php\/conditions-generales-dutilisation-cgu\/","url":"https:\/\/sarah-vigouroux-architecte.fr\/index.php\/conditions-generales-dutilisation-cgu\/","name":"Conditions G\u00e9n\u00e9rales d'Utilisation (CGU) - SARAH VIGOUROUX ARCHITECTE","isPartOf":{"@id":"https:\/\/sarah-vigouroux-architecte.fr\/#website"},"datePublished":"2025-03-11T13:33:43+00:00","dateModified":"2025-03-11T13:35:46+00:00","breadcrumb":{"@id":"https:\/\/sarah-vigouroux-architecte.fr\/index.php\/conditions-generales-dutilisation-cgu\/#breadcrumb"},"inLanguage":"fr-FR","potentialAction":[{"@type":"ReadAction","target":["https:\/\/sarah-vigouroux-architecte.fr\/index.php\/conditions-generales-dutilisation-cgu\/"]}]},{"@type":"BreadcrumbList","@id":"https:\/\/sarah-vigouroux-architecte.fr\/index.php\/conditions-generales-dutilisation-cgu\/#breadcrumb","itemListElement":[{"@type":"ListItem","position":1,"name":"Accueil","item":"https:\/\/sarah-vigouroux-architecte.fr\/"},{"@type":"ListItem","position":2,"name":"Conditions G\u00e9n\u00e9rales d&rsquo;Utilisation (CGU)"}]},{"@type":"WebSite","@id":"https:\/\/sarah-vigouroux-architecte.fr\/#website","url":"https:\/\/sarah-vigouroux-architecte.fr\/","name":"Sarah-vigouroux-architecte.fr","description":"","publisher":{"@id":"https:\/\/sarah-vigouroux-architecte.fr\/#organization"},"potentialAction":[{"@type":"SearchAction","target":{"@type":"EntryPoint","urlTemplate":"https:\/\/sarah-vigouroux-architecte.fr\/?s={search_term_string}"},"query-input":{"@type":"PropertyValueSpecification","valueRequired":true,"valueName":"search_term_string"}}],"inLanguage":"fr-FR"},{"@type":"Organization","@id":"https:\/\/sarah-vigouroux-architecte.fr\/#organization","name":"Sarah Vigouroux Architecte","url":"https:\/\/sarah-vigouroux-architecte.fr\/","logo":{"@type":"ImageObject","inLanguage":"fr-FR","@id":"https:\/\/sarah-vigouroux-architecte.fr\/#\/schema\/logo\/image\/","url":"https:\/\/sarah-vigouroux-architecte.fr\/wp-content\/uploads\/2025\/03\/cropped-LOGO-SARAH-tiny.png","contentUrl":"https:\/\/sarah-vigouroux-architecte.fr\/wp-content\/uploads\/2025\/03\/cropped-LOGO-SARAH-tiny.png","width":1130,"height":422,"caption":"Sarah Vigouroux Architecte"},"image":{"@id":"https:\/\/sarah-vigouroux-architecte.fr\/#\/schema\/logo\/image\/"},"sameAs":["https:\/\/www.linkedin.com\/in\/sarah-vigouroux-aa933889"]}]}},"_links":{"self":[{"href":"https:\/\/sarah-vigouroux-architecte.fr\/index.php\/wp-json\/wp\/v2\/pages\/378","targetHints":{"allow":["GET"]}}],"collection":[{"href":"https:\/\/sarah-vigouroux-architecte.fr\/index.php\/wp-json\/wp\/v2\/pages"}],"about":[{"href":"https:\/\/sarah-vigouroux-architecte.fr\/index.php\/wp-json\/wp\/v2\/types\/page"}],"author":[{"embeddable":true,"href":"https:\/\/sarah-vigouroux-architecte.fr\/index.php\/wp-json\/wp\/v2\/users\/1"}],"replies":[{"embeddable":true,"href":"https:\/\/sarah-vigouroux-architecte.fr\/index.php\/wp-json\/wp\/v2\/comments?post=378"}],"version-history":[{"count":7,"href":"https:\/\/sarah-vigouroux-architecte.fr\/index.php\/wp-json\/wp\/v2\/pages\/378\/revisions"}],"predecessor-version":[{"id":386,"href":"https:\/\/sarah-vigouroux-architecte.fr\/index.php\/wp-json\/wp\/v2\/pages\/378\/revisions\/386"}],"wp:attachment":[{"href":"https:\/\/sarah-vigouroux-architecte.fr\/index.php\/wp-json\/wp\/v2\/media?parent=378"}],"curies":[{"name":"wp","href":"https:\/\/api.w.org\/{rel}","templated":true}]}}